{"id":2117,"date":"2020-04-16T10:31:32","date_gmt":"2020-04-16T08:31:32","guid":{"rendered":"https:\/\/www.brill-substrate.com\/impressum\/"},"modified":"2025-03-31T15:27:29","modified_gmt":"2025-03-31T13:27:29","slug":"mentions-legales","status":"publish","type":"page","link":"https:\/\/www.brill-substrate.com\/fr\/mentions-legales\/","title":{"rendered":"Mentions l\u00e9gales"},"content":{"rendered":"<h1>Mentions l\u00e9gales<\/h1>\n<p>Informations conform\u00e9ment \u00e0 l\u2019article 5 de la TMG<\/p>\n<p>&nbsp;<\/p>\n<p><strong>Kekkil\u00e4-Brill Substrates GmbH <\/strong><br \/>\nHagenstra\u00dfe 41<br \/>\nD-48529 Nordhorn<\/p>\n<p>T\u00e9l\u00e9phone : <a href=\"tel:+49594691230\">+ 49 (0) 59 46 \/ 91 23-0<\/a><br \/>\nE-mail: <a href=\"mailto:info@kekkila-bvb.com\">info@brill-substrate.com<\/a><\/p>\n<p>Directeur g\u00e9n\u00e9ral : Guido Linders<\/p>\n<p>&nbsp;<\/p>\n<p><strong>Inscription au registre du commerce:<\/strong> HRB 218233<br \/>\nCour du greffe\u00a0: Osnabr\u00fcck<\/p>\n<p>&nbsp;<\/p>\n<p><strong>Num\u00e9ro d\u2019identification de la taxe de vente:<\/strong><br \/>\nselon le \u00a7 27 a de la loi sur la taxe sur les ventes\u00a0: DE 117 043 558<\/p>\n<p>&nbsp;<\/p>\n<p><strong>Responsable du contenu:<\/strong><\/p>\n<p>conform\u00e9ment au \u00a7 55, alin\u00e9a 2 RStV : Guido Linders<\/p>\n<p>&nbsp;<\/p>\n<p><strong>R\u00e9f\u00e9rences pour les images et graphiques utilis\u00e9s:<\/strong><\/p>\n<p>lily \u2013 Adobe Stock. Image d\u2019en-t\u00eate de la page d\u2019accueil<\/p>\n<p>lewal2010 \u2013 Adobe Stock. Pied de page du fond d\u2019\u00e9cran<\/p>\n<p>lovelyday12 \u2013 Adobe Stock. Image dans le curseur sur diff\u00e9rentes pages.<\/p>\n<p>Stefan K\u00f6rber &#8211; Adobe Stock (anciennement Fotolia.com). http:\/\/de.fotolia.com\/id\/39303249<\/p>\n<p>zadorozhna-AdobeStock-ret Image fruits rouges<\/p>\n<p>petrenkod-iStock Image durabilit\u00e9<\/p>\n<p>skynesher | iStock.com<\/p>\n<p>Alexander Raths | stock.adobe.com<\/p>\n<p>Shmel | fotolia.com<\/p>\n<p>tinted | shutterstock<\/p>\n<p>40SHNWYTQ2 | StockSnap<\/p>\n<p>adolfo-felix-4JL_VAgxwcU-unsplash_tinted<\/p>\n<p>AdobeStock_227910144<\/p>\n<p>ian-schneider-TamMbr4okv4-unsplash<\/p>\n<p>shutterstock_1563598171<\/p>\n<p>StockSnap_M67D1OV4ON<\/p>\n<p>Agence de publicit\u00e9 Holl<\/p>\n<p>Source des mentions l\u00e9gales\u00a0: http:\/\/www.e-recht24.de<\/p>\n<p>&nbsp;<\/p>\n<p><strong>Exclusion de responsabilit\u00e9<\/strong><\/p>\n<p>&nbsp;<\/p>\n<p><strong>Responsabilit\u00e9 du contenu<\/strong><\/p>\n<p>&nbsp;<\/p>\n<p>En tant que prestataire de services, nous sommes responsables de nos propres contenus sur ces pages, conform\u00e9ment \u00e0 l\u2019article 7, alin\u00e9a 1 de la loi allemande sur les t\u00e9l\u00e9m\u00e9dias (TMG) et aux lois g\u00e9n\u00e9rales. Conform\u00e9ment aux articles 8 \u00e0 10 de la TMG, nous ne sommes pas tenus de surveiller les informations transmises ou stock\u00e9es par des tiers ni d\u2019enqu\u00eater sur les circonstances qui indiquent une activit\u00e9 ill\u00e9gale. Les obligations de supprimer ou de bloquer l\u2019utilisation des informations conform\u00e9ment aux lois g\u00e9n\u00e9rales ne sont pas affect\u00e9es par cette disposition. Toutefois, la responsabilit\u00e9 \u00e0 cet \u00e9gard n\u2019est possible qu\u2019\u00e0 partir du moment o\u00f9 l\u2019on a connaissance d\u2019une infraction concr\u00e8te. Si nous avons connaissance de telles infractions, nous retirerons imm\u00e9diatement le contenu en question.<\/p>\n<p>R\u00e9f\u00e9rence\u00a0: Disclaimer eRecht24<\/p>\n<p>&nbsp;<\/p>\n<p><strong>Responsabilit\u00e9 des liens<\/strong><\/p>\n<p>&nbsp;<\/p>\n<p>Sur ces pages, des liens vers d\u2019autres sites Internet sont propos\u00e9s. Pour tous ces liens s\u2019applique ce qui suit:<\/p>\n<p>&nbsp;<\/p>\n<p><strong>Nous soulignons express\u00e9ment que nous n\u2019avons aucune influence sur la conception et le contenu de toutes les pages li\u00e9es. C\u2019est pourquoi nous nous dissocions express\u00e9ment par la pr\u00e9sente de tous les contenus des pages li\u00e9es sur notre page d\u2019accueil. L\u2019\u00e9diteur n\u2019assume aucune responsabilit\u00e9 quant \u00e0 l\u2019exactitude du contenu des publications marqu\u00e9es d\u2019un nom ainsi que des liens introduits et de leur contenu. Cette d\u00e9claration s\u2019applique \u00e0 tous les liens figurant sur notre page d\u2019accueil et \u00e0 tous les contenus des pages vers lesquelles des liens ou des banni\u00e8res m\u00e8nent sur notre site.<\/strong><\/p>\n<p>&nbsp;<\/p>\n<p>&nbsp;<\/p>\n<p>Notre offre contient des liens vers des sites web externes de tiers, sur le contenu desquels nous n\u2019avons aucune influence. C\u2019est pourquoi nous ne pouvons assumer aucune responsabilit\u00e9 pour ces contenus externes. Le fournisseur ou l\u2019exploitant de ces sites est toujours responsable du contenu des sites li\u00e9s. Les pages li\u00e9es ont \u00e9t\u00e9 v\u00e9rifi\u00e9es au moment de la mise en place du lien afin de d\u00e9tecter d\u2019\u00e9ventuelles violations de la loi. Les contenus ill\u00e9gaux n\u2019ont pas \u00e9t\u00e9 identifi\u00e9s au moment de la cr\u00e9ation du lien. Toutefois, un contr\u00f4le permanent du contenu des pages li\u00e9es n\u2019est pas raisonnable sans preuve concr\u00e8te d\u2019une violation de la loi. Si nous avons connaissance d\u2019infractions, nous supprimerons imm\u00e9diatement ces liens.<\/p>\n<p>R\u00e9f\u00e9rence\u00a0: Disclaimer eRecht24<\/p>\n<p>&nbsp;<\/p>\n<p><strong>Droit d\u2019auteur<\/strong><\/p>\n<p>&nbsp;<\/p>\n<p><strong>La soci\u00e9t\u00e9 Kekkil\u00e4-Brill Substrates GmbH se r\u00e9serve tous les droits sur les textes, illustrations, animations, fichiers audio et toute autre information publi\u00e9e. La reproduction, le traitement, la duplication, la distribution ainsi que le stockage dans des syst\u00e8mes de traitement de donn\u00e9es, en tout ou en partie, quel qu\u2019en soit le type, n\u00e9cessitent une autorisation \u00e9crite pr\u00e9alable de la soci\u00e9t\u00e9 Gebr. Kekkil\u00e4-Brill Substrates GmbH. L\u2019\u00e9diteur ne peut assumer aucune responsabilit\u00e9 quant \u00e0 l\u2019exactitude de la publication malgr\u00e9 un examen minutieux.<\/strong><\/p>\n<p>&nbsp;<\/p>\n<p>Les contenus et les \u0153uvres de ces pages cr\u00e9\u00e9s par les op\u00e9rateurs du site sont soumis \u00e0 la loi allemande sur le droit d\u2019auteur. La reproduction, le traitement, la distribution et toute forme d\u2019utilisation en dehors des limites du droit d\u2019auteur n\u00e9cessitent l\u2019accord \u00e9crit de l\u2019auteur ou du cr\u00e9ateur concern\u00e9. Les t\u00e9l\u00e9chargements et les copies de ces pages ne sont autoris\u00e9s que pour un usage priv\u00e9 et non commercial. Dans la mesure o\u00f9 le contenu de ce site n\u2019a pas \u00e9t\u00e9 cr\u00e9\u00e9 par l\u2019op\u00e9rateur, les droits d\u2019auteur de tiers sont respect\u00e9s. En particulier, les contenus de tiers sont identifi\u00e9s comme tels. Si vous avez n\u00e9anmoins connaissance d\u2019une violation du droit d\u2019auteur, veuillez nous en informer. Si nous avons connaissance d\u2019une infraction, nous retirerons imm\u00e9diatement ces contenus.<\/p>\n<p>R\u00e9f\u00e9rence\u00a0: Disclaimer eRecht24<\/p>\n","protected":false},"excerpt":{"rendered":"<p>Mentions l\u00e9gales Informations conform\u00e9ment \u00e0 l\u2019article 5 de la TMG &nbsp; Kekkil\u00e4-Brill Substrates GmbH Hagenstra\u00dfe 41 D-48529 Nordhorn T\u00e9l\u00e9phone : + 49 (0) 59 46 \/ 91 23-0 E-mail: info@brill-substrate.com Directeur g\u00e9n\u00e9ral : Guido Linders &nbsp; Inscription au registre du commerce: HRB 218233 Cour du greffe\u00a0: Osnabr\u00fcck &nbsp; Num\u00e9ro d\u2019identification de la taxe de vente: [&hellip;]<\/p>\n","protected":false},"author":6,"featured_media":0,"parent":0,"menu_order":0,"comment_status":"closed","ping_status":"closed","template":"","meta":{"_acf_changed":false,"footnotes":""},"class_list":["post-2117","page","type-page","status-publish","hentry"],"acf":[],"yoast_head":"<!-- This site is optimized with the Yoast SEO plugin v22.0 - https:\/\/yoast.com\/wordpress\/plugins\/seo\/ -->\n<title>Mentions l\u00e9gales - Brill Substrate<\/title>\n<meta name=\"robots\" content=\"index, follow, max-snippet:-1, max-image-preview:large, max-video-preview:-1\" \/>\n<link rel=\"canonical\" href=\"https:\/\/www.brill-substrate.com\/fr\/mentions-legales\/\" \/>\n<meta name=\"twitter:label1\" content=\"Dur\u00e9e de lecture estim\u00e9e\" \/>\n\t<meta name=\"twitter:data1\" content=\"5 minutes\" \/>\n<script type=\"application\/ld+json\" class=\"yoast-schema-graph\">{\"@context\":\"https:\/\/schema.org\",\"@graph\":[{\"@type\":\"WebPage\",\"@id\":\"https:\/\/www.brill-substrate.com\/fr\/mentions-legales\/\",\"url\":\"https:\/\/www.brill-substrate.com\/fr\/mentions-legales\/\",\"name\":\"Mentions l\u00e9gales - Brill Substrate\",\"isPartOf\":{\"@id\":\"https:\/\/www.brill-substrate.com\/fr\/#website\"},\"datePublished\":\"2020-04-16T08:31:32+00:00\",\"dateModified\":\"2025-03-31T13:27:29+00:00\",\"breadcrumb\":{\"@id\":\"https:\/\/www.brill-substrate.com\/fr\/mentions-legales\/#breadcrumb\"},\"inLanguage\":\"fr-FR\",\"potentialAction\":[{\"@type\":\"ReadAction\",\"target\":[\"https:\/\/www.brill-substrate.com\/fr\/mentions-legales\/\"]}]},{\"@type\":\"BreadcrumbList\",\"@id\":\"https:\/\/www.brill-substrate.com\/fr\/mentions-legales\/#breadcrumb\",\"itemListElement\":[{\"@type\":\"ListItem\",\"position\":1,\"name\":\"Home\",\"item\":\"https:\/\/www.brill-substrate.com\/fr\/\"},{\"@type\":\"ListItem\",\"position\":2,\"name\":\"Mentions l\u00e9gales\"}]},{\"@type\":\"WebSite\",\"@id\":\"https:\/\/www.brill-substrate.com\/fr\/#website\",\"url\":\"https:\/\/www.brill-substrate.com\/fr\/\",\"name\":\"Brill Substrate\",\"description\":\"Ihr Ansprechpartner f\u00fcr Profi-Substrate, Kultur-Substrate, Verkaufserden, Blumenerden und Spezialerden\",\"potentialAction\":[{\"@type\":\"SearchAction\",\"target\":{\"@type\":\"EntryPoint\",\"urlTemplate\":\"https:\/\/www.brill-substrate.com\/fr\/?s={search_term_string}\"},\"query-input\":\"required name=search_term_string\"}],\"inLanguage\":\"fr-FR\"}]}<\/script>\n<!-- \/ Yoast SEO plugin. -->","yoast_head_json":{"title":"Mentions l\u00e9gales - Brill Substrate","robots":{"index":"index","follow":"follow","max-snippet":"max-snippet:-1","max-image-preview":"max-image-preview:large","max-video-preview":"max-video-preview:-1"},"canonical":"https:\/\/www.brill-substrate.com\/fr\/mentions-legales\/","twitter_misc":{"Dur\u00e9e de lecture estim\u00e9e":"5 minutes"},"schema":{"@context":"https:\/\/schema.org","@graph":[{"@type":"WebPage","@id":"https:\/\/www.brill-substrate.com\/fr\/mentions-legales\/","url":"https:\/\/www.brill-substrate.com\/fr\/mentions-legales\/","name":"Mentions l\u00e9gales - Brill Substrate","isPartOf":{"@id":"https:\/\/www.brill-substrate.com\/fr\/#website"},"datePublished":"2020-04-16T08:31:32+00:00","dateModified":"2025-03-31T13:27:29+00:00","breadcrumb":{"@id":"https:\/\/www.brill-substrate.com\/fr\/mentions-legales\/#breadcrumb"},"inLanguage":"fr-FR","potentialAction":[{"@type":"ReadAction","target":["https:\/\/www.brill-substrate.com\/fr\/mentions-legales\/"]}]},{"@type":"BreadcrumbList","@id":"https:\/\/www.brill-substrate.com\/fr\/mentions-legales\/#breadcrumb","itemListElement":[{"@type":"ListItem","position":1,"name":"Home","item":"https:\/\/www.brill-substrate.com\/fr\/"},{"@type":"ListItem","position":2,"name":"Mentions l\u00e9gales"}]},{"@type":"WebSite","@id":"https:\/\/www.brill-substrate.com\/fr\/#website","url":"https:\/\/www.brill-substrate.com\/fr\/","name":"Brill Substrate","description":"Ihr Ansprechpartner f\u00fcr Profi-Substrate, Kultur-Substrate, Verkaufserden, Blumenerden und Spezialerden","potentialAction":[{"@type":"SearchAction","target":{"@type":"EntryPoint","urlTemplate":"https:\/\/www.brill-substrate.com\/fr\/?s={search_term_string}"},"query-input":"required name=search_term_string"}],"inLanguage":"fr-FR"}]}},"_links":{"self":[{"href":"https:\/\/www.brill-substrate.com\/fr\/wp-json\/wp\/v2\/pages\/2117","targetHints":{"allow":["GET"]}}],"collection":[{"href":"https:\/\/www.brill-substrate.com\/fr\/wp-json\/wp\/v2\/pages"}],"about":[{"href":"https:\/\/www.brill-substrate.com\/fr\/wp-json\/wp\/v2\/types\/page"}],"author":[{"embeddable":true,"href":"https:\/\/www.brill-substrate.com\/fr\/wp-json\/wp\/v2\/users\/6"}],"replies":[{"embeddable":true,"href":"https:\/\/www.brill-substrate.com\/fr\/wp-json\/wp\/v2\/comments?post=2117"}],"version-history":[{"count":0,"href":"https:\/\/www.brill-substrate.com\/fr\/wp-json\/wp\/v2\/pages\/2117\/revisions"}],"wp:attachment":[{"href":"https:\/\/www.brill-substrate.com\/fr\/wp-json\/wp\/v2\/media?parent=2117"}],"curies":[{"name":"wp","href":"https:\/\/api.w.org\/{rel}","templated":true}]}}