{"id":1970,"date":"2020-04-23T17:23:39","date_gmt":"2020-04-23T15:23:39","guid":{"rendered":"https:\/\/www.brill-substrate.com\/philosophie\/"},"modified":"2024-02-13T11:15:41","modified_gmt":"2024-02-13T10:15:41","slug":"philosophie","status":"publish","type":"page","link":"https:\/\/www.brill-substrate.com\/fr\/philosophie\/","title":{"rendered":"Philosophie"},"content":{"rendered":"\t\t<div data-elementor-type=\"wp-page\" data-elementor-id=\"1970\" class=\"elementor elementor-1970 elementor-525\" data-elementor-post-type=\"page\">\n\t\t\t\t\t\t<section class=\"has_ae_slider elementor-section elementor-top-section elementor-element elementor-element-6c7ac235 elementor-section-content-middle elementor-section-height-full elementor-section-boxed elementor-section-height-default elementor-section-items-middle ae-bg-gallery-type-default\" data-id=\"6c7ac235\" data-element_type=\"section\" data-settings=\"{&quot;background_background&quot;:&quot;classic&quot;}\">\n\t\t\t\t\t\t\t<div class=\"elementor-background-overlay\"><\/div>\n\t\t\t\t\t\t\t<div class=\"elementor-container elementor-column-gap-no\">\n\t\t\t\t\t<div class=\"has_ae_slider elementor-column elementor-col-50 elementor-top-column elementor-element elementor-element-2c73c3f2 ae-bg-gallery-type-default\" data-id=\"2c73c3f2\" data-element_type=\"column\" data-settings=\"{&quot;background_background&quot;:&quot;classic&quot;}\">\n\t\t\t<div class=\"elementor-widget-wrap elementor-element-populated\">\n\t\t\t\t\t\t<div class=\"elementor-element elementor-element-350ed82d elementor-widget elementor-widget-heading\" data-id=\"350ed82d\" data-element_type=\"widget\" data-widget_type=\"heading.default\">\n\t\t\t\t<div class=\"elementor-widget-container\">\n\t\t\t<h1 class=\"elementor-heading-title elementor-size-default\">Nous sommes des experts en mati\u00e8re de substrat<\/h1>\t\t<\/div>\n\t\t\t\t<\/div>\n\t\t\t\t<div class=\"elementor-element elementor-element-1bca17b7 elementor-widget elementor-widget-heading\" data-id=\"1bca17b7\" data-element_type=\"widget\" data-widget_type=\"heading.default\">\n\t\t\t\t<div class=\"elementor-widget-container\">\n\t\t\t<h2 class=\"elementor-heading-title elementor-size-default\">... soucieux de la qualit\u00e9, authentiques et cosmopolites, pour des substrats professionnels, des terreaux et des services d\u2019\u00e9gal \u00e0 \u00e9gal<\/h2>\t\t<\/div>\n\t\t\t\t<\/div>\n\t\t\t\t<div class=\"elementor-element elementor-element-294b1d5e elementor-widget elementor-widget-text-editor\" data-id=\"294b1d5e\" data-element_type=\"widget\" data-widget_type=\"text-editor.default\">\n\t\t\t\t<div class=\"elementor-widget-container\">\n\t\t\t\t\t\t\t<p>Notre comp\u00e9tence principale et notre revendication sont en permanence la meilleure qualit\u00e9 de produits et de services. Notre approche est innovante et durable, et nos ventes sont tr\u00e8s internationales en plus du march\u00e9 national. Nous rencontrons nos clients sur un plan professionnel et interpersonnel.<\/p>\n\t\t\t\t\t\t<\/div>\n\t\t\t\t<\/div>\n\t\t\t\t\t<\/div>\n\t\t<\/div>\n\t\t\t\t<div class=\"has_ae_slider elementor-column elementor-col-50 elementor-top-column elementor-element elementor-element-67d4176c ae-bg-gallery-type-default\" data-id=\"67d4176c\" data-element_type=\"column\">\n\t\t\t<div class=\"elementor-widget-wrap\">\n\t\t\t\t\t\t\t<\/div>\n\t\t<\/div>\n\t\t\t\t\t<\/div>\n\t\t<\/section>\n\t\t\t\t<section class=\"has_ae_slider elementor-section elementor-top-section elementor-element elementor-element-712e4fee elementor-section-boxed elementor-section-height-default elementor-section-height-default ae-bg-gallery-type-default\" data-id=\"712e4fee\" data-element_type=\"section\">\n\t\t\t\t\t\t<div class=\"elementor-container elementor-column-gap-no\">\n\t\t\t\t\t<div class=\"has_ae_slider elementor-column elementor-col-100 elementor-top-column elementor-element elementor-element-322fbfe2 ae-bg-gallery-type-default\" data-id=\"322fbfe2\" data-element_type=\"column\">\n\t\t\t<div class=\"elementor-widget-wrap elementor-element-populated\">\n\t\t\t\t\t\t<div class=\"elementor-element elementor-element-7b252e59 elementor-widget elementor-widget-heading\" data-id=\"7b252e59\" data-element_type=\"widget\" data-widget_type=\"heading.default\">\n\t\t\t\t<div class=\"elementor-widget-container\">\n\t\t\t<h2 class=\"elementor-heading-title elementor-size-default\">Qui nous sommes...<\/h2>\t\t<\/div>\n\t\t\t\t<\/div>\n\t\t\t\t<section class=\"has_ae_slider elementor-section elementor-inner-section elementor-element elementor-element-107d5f08 elementor-section-boxed elementor-section-height-default elementor-section-height-default ae-bg-gallery-type-default\" data-id=\"107d5f08\" data-element_type=\"section\">\n\t\t\t\t\t\t<div class=\"elementor-container elementor-column-gap-default\">\n\t\t\t\t\t<div class=\"has_ae_slider elementor-column elementor-col-33 elementor-inner-column elementor-element elementor-element-3d41c4ac ae-bg-gallery-type-default\" data-id=\"3d41c4ac\" data-element_type=\"column\">\n\t\t\t<div class=\"elementor-widget-wrap\">\n\t\t\t\t\t\t\t<\/div>\n\t\t<\/div>\n\t\t\t\t<div class=\"has_ae_slider elementor-column elementor-col-33 elementor-inner-column elementor-element elementor-element-75ef8685 ae-bg-gallery-type-default\" data-id=\"75ef8685\" data-element_type=\"column\">\n\t\t\t<div class=\"elementor-widget-wrap elementor-element-populated\">\n\t\t\t\t\t\t<div class=\"elementor-element elementor-element-69b7b738 elementor-widget elementor-widget-text-editor\" data-id=\"69b7b738\" data-element_type=\"widget\" data-widget_type=\"text-editor.default\">\n\t\t\t\t<div class=\"elementor-widget-container\">\n\t\t\t\t\t\t\t<p>&#8230; et ce que nous repr\u00e9sentons:<\/p>\n\t\t\t\t\t\t<\/div>\n\t\t\t\t<\/div>\n\t\t\t\t\t<\/div>\n\t\t<\/div>\n\t\t\t\t<div class=\"has_ae_slider elementor-column elementor-col-33 elementor-inner-column elementor-element elementor-element-62c131d3 ae-bg-gallery-type-default\" data-id=\"62c131d3\" data-element_type=\"column\">\n\t\t\t<div class=\"elementor-widget-wrap\">\n\t\t\t\t\t\t\t<\/div>\n\t\t<\/div>\n\t\t\t\t\t<\/div>\n\t\t<\/section>\n\t\t\t\t<section class=\"has_ae_slider elementor-section elementor-inner-section elementor-element elementor-element-f7e10ef elementor-section-boxed elementor-section-height-default elementor-section-height-default ae-bg-gallery-type-default\" data-id=\"f7e10ef\" data-element_type=\"section\">\n\t\t\t\t\t\t<div class=\"elementor-container elementor-column-gap-default\">\n\t\t\t\t\t<div class=\"has_ae_slider elementor-column elementor-col-100 elementor-inner-column elementor-element elementor-element-4e7f4b7 ae-bg-gallery-type-default\" data-id=\"4e7f4b7\" data-element_type=\"column\">\n\t\t\t<div class=\"elementor-widget-wrap elementor-element-populated\">\n\t\t\t\t\t\t<div class=\"elementor-element elementor-element-a5f69db elementor-widget elementor-widget-text-editor\" data-id=\"a5f69db\" data-element_type=\"widget\" data-widget_type=\"text-editor.default\">\n\t\t\t\t<div class=\"elementor-widget-container\">\n\t\t\t\t\t\t\t<p>Le 1er juin 1920, les fr\u00e8res Arnold et August Brill, marchands de textiles, fondent l\u2019OHG \u00ab\u00a0Georgsdorfer Torfwerk Gebr. Brill\u00a0\u00bb. Leur expertise technique et commerciale combin\u00e9e a permis \u00e0 l\u2019entreprise de passer de ses d\u00e9buts modestes \u00e0 son importance actuelle. \u00c0 la fin des ann\u00e9es 1970, l\u2019entreprise a \u00e9t\u00e9 l\u2019une des premi\u00e8res en Allemagne \u00e0 r\u00e9ussir \u00e0 passer de la production de liti\u00e8re de tourbe et de tourbe combustible \u00e0 la production de substrats et de terreaux de haute qualit\u00e9. Aujourd\u2019hui, Gerrit Brill dirige la soci\u00e9t\u00e9 \u00ab\u00a0Gebr. Brill Substrate GmbH &amp; Co. KG\u00a0\u00bb depuis trois g\u00e9n\u00e9rations.<\/p>\n<h2>Nous faisons d\u00e9sormais partie d\u2019une grande famille \u2013 et sommes toujours l\u00e0 pour vous<\/h2>\n<p><strong>\u00c0 partir de d\u00e9but janvier 2022, Kekkil\u00e4-BVB reprendra l&rsquo;entreprise familiale traditionnelle Gebr. Brill Substrate GmbH &amp; Co. KG. Le contrat d&rsquo;achat a \u00e9t\u00e9 sign\u00e9 le 10 d\u00e9cembre 2021.<\/strong><\/p>\n<p>La soci\u00e9t\u00e9 de production continuera \u00e0 op\u00e9rer sous le nom de Kekkil\u00e4-Brill Substrate. En collaboration avec Gebr. Brill Substrate, Kekkil\u00e4-BVB reprend les parts de Brill Papenburg Logistics GmbH, la filiale commerciale Brill France et 50 % des parts de la production Geotec en Italie.<\/p>\n<p>&nbsp;<\/p>\n<p><strong>\u2026 Le terreau par Nature!<\/strong><\/p>\n<p>\u00ab\u00a0Je suis fier de diriger une entreprise familiale, vivante et durable, dont les r\u00e9alisations et les succ\u00e8s ont \u00e9t\u00e9 et sont d\u00e9velopp\u00e9s avec les habitants de la r\u00e9gion \u2013 souvent avec plusieurs membres du m\u00eame foyer \u2013 et de nombreux partenaires commerciaux nationaux et internationaux\u00a0\u00bb, d\u00e9clare G. Brill.<\/p>\n<p><strong>Focus sur la s\u00e9curit\u00e9 des cultures<\/strong><\/p>\n<p>Historiquement, la tourbe a \u00e9t\u00e9 un composant important et difficile \u00e0 remplacer pour la production de substrat en raison de ses propri\u00e9t\u00e9s uniques. Rien que dans la culture des plantes potag\u00e8res, Brill produit chaque ann\u00e9e des substrats \u00e0 base de tourbe pour environ 2,5 milliards de jeunes plants et contribue ainsi \u00e0 fournir \u00e0 la population une gamme saine et diversifi\u00e9e de fruits et l\u00e9gumes en Allemagne et dans plus de 30 pays dans le monde.<\/p>\n<p><strong>Strat\u00e9gie durable<\/strong><\/p>\n<p>\u00ab\u00a0Depuis des ann\u00e9es, nous travaillons dans le domaine des substrats professionnels et des terreaux revente avec des mati\u00e8res premi\u00e8res rapidement renouvelables en plus de la tourbe. En cette ann\u00e9e anniversaire de 2020, nous nous concentrons encore plus clairement sur le th\u00e8me de la durabilit\u00e9. Outre la question de la r\u00e9duction de la tourbe, nous traitons aussi intensivement des sujets tels que la neutralit\u00e9 climatique, l\u2019utilisation de films recycl\u00e9s, l\u2019alimentation en \u00e9nergie r\u00e9g\u00e9n\u00e9rative et la num\u00e9risation.<br \/>\nGr\u00e2ce \u00e0 un large \u00e9ventail de mesures, nous nous adaptons consciemment et activement aux changements de la soci\u00e9t\u00e9 en ce qui concerne la protection des marais, de la nature et du climat.\u00a0\u00bb<\/p>\n\t\t\t\t\t\t<\/div>\n\t\t\t\t<\/div>\n\t\t\t\t\t<\/div>\n\t\t<\/div>\n\t\t\t\t\t<\/div>\n\t\t<\/section>\n\t\t\t\t\t<\/div>\n\t\t<\/div>\n\t\t\t\t\t<\/div>\n\t\t<\/section>\n\t\t\t\t<section class=\"has_ae_slider elementor-section elementor-top-section elementor-element elementor-element-8e1cbcf elementor-section-content-middle elementor-reverse-mobile elementor-section-full_width elementor-section-height-default elementor-section-height-default ae-bg-gallery-type-default\" data-id=\"8e1cbcf\" data-element_type=\"section\" data-settings=\"{&quot;background_background&quot;:&quot;classic&quot;}\">\n\t\t\t\t\t\t\t<div class=\"elementor-background-overlay\"><\/div>\n\t\t\t\t\t\t\t<div class=\"elementor-container elementor-column-gap-no\">\n\t\t\t\t\t<div class=\"has_ae_slider elementor-column elementor-col-100 elementor-top-column elementor-element elementor-element-37c5c5c ae-bg-gallery-type-default\" data-id=\"37c5c5c\" data-element_type=\"column\">\n\t\t\t<div class=\"elementor-widget-wrap elementor-element-populated\">\n\t\t\t\t\t\t<div class=\"elementor-element elementor-element-2bcb87c ae-acf-repeater-layout-carousel slide_wrap elementor-widget elementor-widget-ae-acf-repeater\" data-id=\"2bcb87c\" data-element_type=\"widget\" data-settings=\"{&quot;layout_mode&quot;:&quot;carousel&quot;,&quot;slide_per_view&quot;:1,&quot;space&quot;:{&quot;unit&quot;:&quot;px&quot;,&quot;size&quot;:0,&quot;sizes&quot;:[]},&quot;slide_per_view_tablet&quot;:2,&quot;slide_per_view_mobile&quot;:1,&quot;slides_per_group&quot;:1,&quot;slides_per_group_tablet&quot;:1,&quot;slides_per_group_mobile&quot;:1,&quot;space_tablet&quot;:{&quot;unit&quot;:&quot;px&quot;,&quot;size&quot;:10,&quot;sizes&quot;:[]},&quot;space_mobile&quot;:{&quot;unit&quot;:&quot;px&quot;,&quot;size&quot;:5,&quot;sizes&quot;:[]},&quot;arrow_horizontal_position&quot;:&quot;center&quot;}\" data-widget_type=\"ae-acf-repeater.default\">\n\t\t\t\t<div class=\"elementor-widget-container\">\n\t\t\t\t\t\t\t\t\t<div data-pid=\"1970\" data-wid=\"2bcb87c\" class=\"ae-acf-repeater-widget-wrapper ae-carousel-yes ae-hpos-center ae-vpos-center\"> \n\t\t\t\t\t\t\t\t\t\t\t\t<div class=\"ae-swiper-outer-wrapper ae-slider-id-14637\" data-swiper-settings=\"{&quot;speed&quot;:5500,&quot;direction&quot;:&quot;horizontal&quot;,&quot;autoplay&quot;:{&quot;delay&quot;:900},&quot;effect&quot;:&quot;slide&quot;,&quot;loop&quot;:&quot;yes&quot;,&quot;autoHeight&quot;:false,&quot;spaceBetween&quot;:{&quot;mobile&quot;:5,&quot;tablet&quot;:10,&quot;default&quot;:0},&quot;slidesPerView&quot;:{&quot;mobile&quot;:1,&quot;tablet&quot;:2,&quot;default&quot;:1},&quot;slidesPerGroup&quot;:{&quot;mobile&quot;:1,&quot;tablet&quot;:1,&quot;default&quot;:1},&quot;ptype&quot;:&quot;&quot;,&quot;breakpoints_value&quot;:{&quot;mobile&quot;:320,&quot;tablet&quot;:768,&quot;desktop&quot;:1025},&quot;clickable&quot;:&quot;yes&quot;,&quot;navigation&quot;:&quot;yes&quot;,&quot;scrollbar&quot;:&quot;&quot;}\" >\n\t\t\t\t\t<div data-ae-slider-id=\"14637\" class=\"ae-swiper-container\" >\n\t\t\t\t\t\t\t<div class=\"ae-acf-repeater-wrapper ae-swiper-wrapper swiper-wrapper\">\n\t\t\t\t\t\t\t\t\t\t\t<div class=\"ae-acf-repeater-item ae-swiper-slide swiper-slide\">\n\t\t\t\t\t\t\t<div class=\"ae-acf-repeater-inner ae-swiper-slide-wrapper swiper-slide-wrapper\">\n\t\t\t\t\t\t\t\t\t\t\t\t\t\t\t\t<div class=\"ae_data elementor elementor-620\">\n\t\t\t\t\t\t\t\t\t\t\t\t\t\t\t\t\t\t\t<div data-elementor-type=\"wp-post\" data-elementor-id=\"620\" class=\"elementor elementor-620\" data-elementor-post-type=\"ae_global_templates\">\n\t\t\t\t\t\t<section data-ae-bg=\"https:\/\/www.brill-substrate.com\/wp-content\/uploads\/2020\/04\/AdobeStock_276327214-scaled-1-1024x377.jpeg\" class=\"has_ae_slider elementor-section elementor-top-section elementor-element elementor-element-9127181 elementor-section-stretched ae-featured-bg-yes ae-featured-bg-source-custom_field ae-feature-bg-custom-field-slider_bild elementor-section-boxed elementor-section-height-default elementor-section-height-default ae-featured-img-size-large ae-bg-gallery-type-default\" data-id=\"9127181\" data-element_type=\"section\" data-settings=\"{&quot;stretch_section&quot;:&quot;section-stretched&quot;,&quot;ae_featured_bg_cf_field_key&quot;:&quot;slider_bild&quot;,&quot;background_background&quot;:&quot;classic&quot;}\">\n\t\t\t\t\t\t<div class=\"elementor-container elementor-column-gap-default\">\n\t\t\t\t\t<div class=\"has_ae_slider elementor-column elementor-col-100 elementor-top-column elementor-element elementor-element-9cefca6 ae-bg-gallery-type-default\" data-id=\"9cefca6\" data-element_type=\"column\">\n\t\t\t<div class=\"elementor-widget-wrap elementor-element-populated\">\n\t\t\t\t\t\t<div class=\"elementor-element elementor-element-9ac4bac elementor-widget elementor-widget-heading\" data-id=\"9ac4bac\" data-element_type=\"widget\" data-widget_type=\"heading.default\">\n\t\t\t\t<div class=\"elementor-widget-container\">\n\t\t\t<span class=\"elementor-heading-title elementor-size-default\">Familial.<\/span>\t\t<\/div>\n\t\t\t\t<\/div>\n\t\t\t\t<div class=\"elementor-element elementor-element-664ff39 elementor-widget elementor-widget-text-editor\" data-id=\"664ff39\" data-element_type=\"widget\" data-widget_type=\"text-editor.default\">\n\t\t\t\t<div class=\"elementor-widget-container\">\n\t\t\t\t\t\t\t<p>Nous sommes une entreprise familiale \u2013 depuis 100 ans<\/p>\n\t\t\t\t\t\t<\/div>\n\t\t\t\t<\/div>\n\t\t\t\t\t<\/div>\n\t\t<\/div>\n\t\t\t\t\t<\/div>\n\t\t<\/section>\n\t\t\t\t<\/div>\n\t\t\t\t\t\t\t\t\t\t\t\t\t\t\t\t\t\t<\/div>\n\t\t\t\t\t\t\t\t\t\t\t\t\t\t\t<\/div>\n\t\t\t\t\t\t<\/div>\n\t\t\t\t\t\t\t\t\t\t\t<div class=\"ae-acf-repeater-item ae-swiper-slide swiper-slide\">\n\t\t\t\t\t\t\t<div class=\"ae-acf-repeater-inner ae-swiper-slide-wrapper swiper-slide-wrapper\">\n\t\t\t\t\t\t\t\t\t\t\t\t\t\t\t\t<div class=\"ae_data elementor elementor-620\">\n\t\t\t\t\t\t\t\t\t\t\t\t\t\t\t\t\t\t\t<div data-elementor-type=\"wp-post\" data-elementor-id=\"620\" class=\"elementor elementor-620\" data-elementor-post-type=\"ae_global_templates\">\n\t\t\t\t\t\t<section data-ae-bg=\"https:\/\/www.brill-substrate.com\/wp-content\/uploads\/2020\/04\/AdobeStock_276327214-scaled-1-1024x377.jpeg\" class=\"has_ae_slider elementor-section elementor-top-section elementor-element elementor-element-9127181 elementor-section-stretched ae-featured-bg-yes ae-featured-bg-source-custom_field ae-feature-bg-custom-field-slider_bild elementor-section-boxed elementor-section-height-default elementor-section-height-default ae-featured-img-size-large ae-bg-gallery-type-default\" data-id=\"9127181\" data-element_type=\"section\" data-settings=\"{&quot;stretch_section&quot;:&quot;section-stretched&quot;,&quot;ae_featured_bg_cf_field_key&quot;:&quot;slider_bild&quot;,&quot;background_background&quot;:&quot;classic&quot;}\">\n\t\t\t\t\t\t<div class=\"elementor-container elementor-column-gap-default\">\n\t\t\t\t\t<div class=\"has_ae_slider elementor-column elementor-col-100 elementor-top-column elementor-element elementor-element-9cefca6 ae-bg-gallery-type-default\" data-id=\"9cefca6\" data-element_type=\"column\">\n\t\t\t<div class=\"elementor-widget-wrap elementor-element-populated\">\n\t\t\t\t\t\t<div class=\"elementor-element elementor-element-9ac4bac elementor-widget elementor-widget-heading\" data-id=\"9ac4bac\" data-element_type=\"widget\" data-widget_type=\"heading.default\">\n\t\t\t\t<div class=\"elementor-widget-container\">\n\t\t\t<span class=\"elementor-heading-title elementor-size-default\">Vivant.<\/span>\t\t<\/div>\n\t\t\t\t<\/div>\n\t\t\t\t<div class=\"elementor-element elementor-element-664ff39 elementor-widget elementor-widget-text-editor\" data-id=\"664ff39\" data-element_type=\"widget\" data-widget_type=\"text-editor.default\">\n\t\t\t\t<div class=\"elementor-widget-container\">\n\t\t\t\t\t\t\t<p>S\u2019attaquer \u00e0 la nouveaut\u00e9 et pr\u00e9server ce qui a fait ses preuves<\/p>\n\t\t\t\t\t\t<\/div>\n\t\t\t\t<\/div>\n\t\t\t\t\t<\/div>\n\t\t<\/div>\n\t\t\t\t\t<\/div>\n\t\t<\/section>\n\t\t\t\t<\/div>\n\t\t\t\t\t\t\t\t\t\t\t\t\t\t\t\t\t\t<\/div>\n\t\t\t\t\t\t\t\t\t\t\t\t\t\t\t<\/div>\n\t\t\t\t\t\t<\/div>\n\t\t\t\t\t\t\t\t\t\t\t<div class=\"ae-acf-repeater-item ae-swiper-slide swiper-slide\">\n\t\t\t\t\t\t\t<div class=\"ae-acf-repeater-inner ae-swiper-slide-wrapper swiper-slide-wrapper\">\n\t\t\t\t\t\t\t\t\t\t\t\t\t\t\t\t<div class=\"ae_data elementor elementor-620\">\n\t\t\t\t\t\t\t\t\t\t\t\t\t\t\t\t\t\t\t<div data-elementor-type=\"wp-post\" data-elementor-id=\"620\" class=\"elementor elementor-620\" data-elementor-post-type=\"ae_global_templates\">\n\t\t\t\t\t\t<section data-ae-bg=\"https:\/\/www.brill-substrate.com\/wp-content\/uploads\/2020\/04\/AdobeStock_276327214-scaled-1-1024x377.jpeg\" class=\"has_ae_slider elementor-section elementor-top-section elementor-element elementor-element-9127181 elementor-section-stretched ae-featured-bg-yes ae-featured-bg-source-custom_field ae-feature-bg-custom-field-slider_bild elementor-section-boxed elementor-section-height-default elementor-section-height-default ae-featured-img-size-large ae-bg-gallery-type-default\" data-id=\"9127181\" data-element_type=\"section\" data-settings=\"{&quot;stretch_section&quot;:&quot;section-stretched&quot;,&quot;ae_featured_bg_cf_field_key&quot;:&quot;slider_bild&quot;,&quot;background_background&quot;:&quot;classic&quot;}\">\n\t\t\t\t\t\t<div class=\"elementor-container elementor-column-gap-default\">\n\t\t\t\t\t<div class=\"has_ae_slider elementor-column elementor-col-100 elementor-top-column elementor-element elementor-element-9cefca6 ae-bg-gallery-type-default\" data-id=\"9cefca6\" data-element_type=\"column\">\n\t\t\t<div class=\"elementor-widget-wrap elementor-element-populated\">\n\t\t\t\t\t\t<div class=\"elementor-element elementor-element-9ac4bac elementor-widget elementor-widget-heading\" data-id=\"9ac4bac\" data-element_type=\"widget\" data-widget_type=\"heading.default\">\n\t\t\t\t<div class=\"elementor-widget-container\">\n\t\t\t<span class=\"elementor-heading-title elementor-size-default\">P\u00e9renne.<\/span>\t\t<\/div>\n\t\t\t\t<\/div>\n\t\t\t\t<div class=\"elementor-element elementor-element-664ff39 elementor-widget elementor-widget-text-editor\" data-id=\"664ff39\" data-element_type=\"widget\" data-widget_type=\"text-editor.default\">\n\t\t\t\t<div class=\"elementor-widget-container\">\n\t\t\t\t\t\t\t<p>Agir de mani\u00e8re responsable pour l\u2019environnement, les clients, les employ\u00e9s&#8230;<\/p>\n\t\t\t\t\t\t<\/div>\n\t\t\t\t<\/div>\n\t\t\t\t\t<\/div>\n\t\t<\/div>\n\t\t\t\t\t<\/div>\n\t\t<\/section>\n\t\t\t\t<\/div>\n\t\t\t\t\t\t\t\t\t\t\t\t\t\t\t\t\t\t<\/div>\n\t\t\t\t\t\t\t\t\t\t\t\t\t\t\t<\/div>\n\t\t\t\t\t\t<\/div>\n\t\t\t\t\t\t\t\t\t<\/div>\n\t\t\t\t\t\t\t\t\t\t\t\t\t\t\t\t\t\t\t\t\t\t\t\t\t\t\t\t\t\t<div class = \"ae-swiper-button-prev swiper-button-prev\">\n\t\t\t\t\t\t\t\t\t\t\t<i aria-hidden=\"true\" class=\"fa fa-angle-left\"><\/i>\t\t\t\t\t\t\t<\/div>\n\t\t\t<div class = \"ae-swiper-button-next swiper-button-next\">\n\t\t\t\t\t\t\t\t\t\t\t<i aria-hidden=\"true\" class=\"fa fa-angle-right\"><\/i>\t\t\t\t\t\t\t<\/div>\n\t\t\t\t\t\t\t\n\t\t\t\t\t\t<!-- swiper container closed -->\n\t\t<\/div>\n\t\t\t\t\t\t<!-- outer wrapper closed -->\n\t\t<\/div>\n\t\t\t\t\t\t\t\t<\/div>\n\t\t\t\t\t\t\t<\/div>\n\t\t\t\t<\/div>\n\t\t\t\t\t<\/div>\n\t\t<\/div>\n\t\t\t\t\t<\/div>\n\t\t<\/section>\n\t\t\t\t<\/div>\n\t\t","protected":false},"excerpt":{"rendered":"","protected":false},"author":6,"featured_media":0,"parent":0,"menu_order":0,"comment_status":"closed","ping_status":"closed","template":"elementor_header_footer","meta":{"_acf_changed":false,"footnotes":""},"class_list":["post-1970","page","type-page","status-publish","hentry"],"acf":[],"yoast_head":"<!-- This site is optimized with the Yoast SEO plugin v22.0 - https:\/\/yoast.com\/wordpress\/plugins\/seo\/ -->\n<title>Philosophie - Brill Substrate<\/title>\n<meta name=\"robots\" content=\"index, follow, max-snippet:-1, max-image-preview:large, max-video-preview:-1\" \/>\n<link rel=\"canonical\" href=\"https:\/\/www.brill-substrate.com\/fr\/philosophie\/\" \/>\n<script type=\"application\/ld+json\" class=\"yoast-schema-graph\">{\"@context\":\"https:\/\/schema.org\",\"@graph\":[{\"@type\":\"WebPage\",\"@id\":\"https:\/\/www.brill-substrate.com\/fr\/philosophie\/\",\"url\":\"https:\/\/www.brill-substrate.com\/fr\/philosophie\/\",\"name\":\"Philosophie - Brill Substrate\",\"isPartOf\":{\"@id\":\"https:\/\/www.brill-substrate.com\/fr\/#website\"},\"datePublished\":\"2020-04-23T15:23:39+00:00\",\"dateModified\":\"2024-02-13T10:15:41+00:00\",\"breadcrumb\":{\"@id\":\"https:\/\/www.brill-substrate.com\/fr\/philosophie\/#breadcrumb\"},\"inLanguage\":\"fr-FR\",\"potentialAction\":[{\"@type\":\"ReadAction\",\"target\":[\"https:\/\/www.brill-substrate.com\/fr\/philosophie\/\"]}]},{\"@type\":\"BreadcrumbList\",\"@id\":\"https:\/\/www.brill-substrate.com\/fr\/philosophie\/#breadcrumb\",\"itemListElement\":[{\"@type\":\"ListItem\",\"position\":1,\"name\":\"Home\",\"item\":\"https:\/\/www.brill-substrate.com\/fr\/\"},{\"@type\":\"ListItem\",\"position\":2,\"name\":\"Philosophie\"}]},{\"@type\":\"WebSite\",\"@id\":\"https:\/\/www.brill-substrate.com\/fr\/#website\",\"url\":\"https:\/\/www.brill-substrate.com\/fr\/\",\"name\":\"Brill Substrate\",\"description\":\"Ihr Ansprechpartner f\u00fcr Profi-Substrate, Kultur-Substrate, Verkaufserden, Blumenerden und Spezialerden\",\"potentialAction\":[{\"@type\":\"SearchAction\",\"target\":{\"@type\":\"EntryPoint\",\"urlTemplate\":\"https:\/\/www.brill-substrate.com\/fr\/?s={search_term_string}\"},\"query-input\":\"required name=search_term_string\"}],\"inLanguage\":\"fr-FR\"}]}<\/script>\n<!-- \/ Yoast SEO plugin. -->","yoast_head_json":{"title":"Philosophie - Brill Substrate","robots":{"index":"index","follow":"follow","max-snippet":"max-snippet:-1","max-image-preview":"max-image-preview:large","max-video-preview":"max-video-preview:-1"},"canonical":"https:\/\/www.brill-substrate.com\/fr\/philosophie\/","schema":{"@context":"https:\/\/schema.org","@graph":[{"@type":"WebPage","@id":"https:\/\/www.brill-substrate.com\/fr\/philosophie\/","url":"https:\/\/www.brill-substrate.com\/fr\/philosophie\/","name":"Philosophie - Brill Substrate","isPartOf":{"@id":"https:\/\/www.brill-substrate.com\/fr\/#website"},"datePublished":"2020-04-23T15:23:39+00:00","dateModified":"2024-02-13T10:15:41+00:00","breadcrumb":{"@id":"https:\/\/www.brill-substrate.com\/fr\/philosophie\/#breadcrumb"},"inLanguage":"fr-FR","potentialAction":[{"@type":"ReadAction","target":["https:\/\/www.brill-substrate.com\/fr\/philosophie\/"]}]},{"@type":"BreadcrumbList","@id":"https:\/\/www.brill-substrate.com\/fr\/philosophie\/#breadcrumb","itemListElement":[{"@type":"ListItem","position":1,"name":"Home","item":"https:\/\/www.brill-substrate.com\/fr\/"},{"@type":"ListItem","position":2,"name":"Philosophie"}]},{"@type":"WebSite","@id":"https:\/\/www.brill-substrate.com\/fr\/#website","url":"https:\/\/www.brill-substrate.com\/fr\/","name":"Brill Substrate","description":"Ihr Ansprechpartner f\u00fcr Profi-Substrate, Kultur-Substrate, Verkaufserden, Blumenerden und Spezialerden","potentialAction":[{"@type":"SearchAction","target":{"@type":"EntryPoint","urlTemplate":"https:\/\/www.brill-substrate.com\/fr\/?s={search_term_string}"},"query-input":"required name=search_term_string"}],"inLanguage":"fr-FR"}]}},"_links":{"self":[{"href":"https:\/\/www.brill-substrate.com\/fr\/wp-json\/wp\/v2\/pages\/1970","targetHints":{"allow":["GET"]}}],"collection":[{"href":"https:\/\/www.brill-substrate.com\/fr\/wp-json\/wp\/v2\/pages"}],"about":[{"href":"https:\/\/www.brill-substrate.com\/fr\/wp-json\/wp\/v2\/types\/page"}],"author":[{"embeddable":true,"href":"https:\/\/www.brill-substrate.com\/fr\/wp-json\/wp\/v2\/users\/6"}],"replies":[{"embeddable":true,"href":"https:\/\/www.brill-substrate.com\/fr\/wp-json\/wp\/v2\/comments?post=1970"}],"version-history":[{"count":0,"href":"https:\/\/www.brill-substrate.com\/fr\/wp-json\/wp\/v2\/pages\/1970\/revisions"}],"wp:attachment":[{"href":"https:\/\/www.brill-substrate.com\/fr\/wp-json\/wp\/v2\/media?parent=1970"}],"curies":[{"name":"wp","href":"https:\/\/api.w.org\/{rel}","templated":true}]}}